{"id":2852,"date":"2025-04-24T09:19:05","date_gmt":"2025-04-24T08:19:05","guid":{"rendered":"https:\/\/flow-factory.ai\/?page_id=2852"},"modified":"2025-12-11T17:15:26","modified_gmt":"2025-12-11T16:15:26","slug":"ueber-uns","status":"publish","type":"page","link":"https:\/\/www.futuremobilitylabs.eu\/en\/ueber-uns\/","title":{"rendered":"About us"},"content":{"rendered":"<div data-elementor-type=\"wp-page\" data-elementor-id=\"2852\" class=\"elementor elementor-2852\">\n\t\t\t\t<div class=\"elementor-element elementor-element-a3a8b7a e-flex e-con-boxed e-con e-parent\" data-id=\"a3a8b7a\" data-element_type=\"container\">\n\t\t\t\t\t<div class=\"e-con-inner\">\n\t\t<div class=\"elementor-element elementor-element-1fdd882 e-con-full e-flex e-con e-child\" data-id=\"1fdd882\" data-element_type=\"container\">\n\t\t\t\t<div class=\"elementor-element elementor-element-bab0780 elementor-widget elementor-widget-heading\" data-id=\"bab0780\" data-element_type=\"widget\" data-widget_type=\"heading.default\">\n\t\t\t\t\t<h1 class=\"elementor-heading-title elementor-size-default\">About us<\/h1>\t\t\t\t<\/div>\n\t\t\t\t<div class=\"elementor-element elementor-element-ac81da4 elementor-widget elementor-widget-text-editor\" data-id=\"ac81da4\" data-element_type=\"widget\" data-widget_type=\"text-editor.default\">\n\t\t\t\t\t\t\t\t\t<p>The Future Mobility Labs are a cooperation between ERCIS and Transdev. Transdev, part of the Rethmann Group, is the second largest rail and bus company in Germany. Worldwide, Transdev is the largest private mobility company, active in 19 countries and with over 102,000 employees.<\/p>\t\t\t\t\t\t\t\t<\/div>\n\t\t\t\t<\/div>\n\t\t\t\t\t<\/div>\n\t\t\t\t<\/div>\n\t\t<div class=\"elementor-element elementor-element-84b2091 e-flex e-con-boxed e-con e-parent\" data-id=\"84b2091\" data-element_type=\"container\">\n\t\t\t\t\t<div class=\"e-con-inner\">\n\t\t\t\t<div class=\"elementor-element elementor-element-e7808c6 elementor-widget-divider--view-line elementor-widget elementor-widget-divider\" data-id=\"e7808c6\" data-element_type=\"widget\" data-widget_type=\"divider.default\">\n\t\t\t\t\t\t\t<div class=\"elementor-divider\">\n\t\t\t<span class=\"elementor-divider-separator\">\n\t\t\t\t\t\t<\/span>\n\t\t<\/div>\n\t\t\t\t\t\t<\/div>\n\t\t<div class=\"elementor-element elementor-element-e3b58d8 e-con-full e-flex e-con e-child\" data-id=\"e3b58d8\" data-element_type=\"container\">\n\t\t\t\t<div class=\"elementor-element elementor-element-ab47bd9 elementor-widget elementor-widget-heading\" data-id=\"ab47bd9\" data-element_type=\"widget\" data-widget_type=\"heading.default\">\n\t\t\t\t\t<h2 class=\"elementor-heading-title elementor-size-default\">Future Mobility Labs Direktorin<\/h2>\t\t\t\t<\/div>\n\t\t<div class=\"elementor-element elementor-element-9d53526 e-con-full e-flex e-con e-child\" data-id=\"9d53526\" data-element_type=\"container\">\n\t\t<div class=\"elementor-element elementor-element-ce53c1f e-con-full e-flex e-con e-child\" data-id=\"ce53c1f\" data-element_type=\"container\">\n\t\t\t\t<div class=\"elementor-element elementor-element-fd409b7 elementor-widget elementor-widget-image\" data-id=\"fd409b7\" data-element_type=\"widget\" data-widget_type=\"image.default\">\n\t\t\t\t\t\t\t\t\t\t\t\t\t\t\t<img fetchpriority=\"high\" decoding=\"async\" width=\"1000\" height=\"1000\" src=\"https:\/\/www.futuremobilitylabs.eu\/wp-content\/uploads\/2025\/07\/Mara_Quadrat.png\" class=\"attachment-full size-full wp-image-6588\" alt=\"\" srcset=\"https:\/\/www.futuremobilitylabs.eu\/wp-content\/uploads\/2025\/07\/Mara_Quadrat.png 1000w, https:\/\/www.futuremobilitylabs.eu\/wp-content\/uploads\/2025\/07\/Mara_Quadrat-300x300.png 300w, https:\/\/www.futuremobilitylabs.eu\/wp-content\/uploads\/2025\/07\/Mara_Quadrat-150x150.png 150w, https:\/\/www.futuremobilitylabs.eu\/wp-content\/uploads\/2025\/07\/Mara_Quadrat-768x768.png 768w, https:\/\/www.futuremobilitylabs.eu\/wp-content\/uploads\/2025\/07\/Mara_Quadrat-12x12.png 12w\" sizes=\"(max-width: 1000px) 100vw, 1000px\" \/>\t\t\t\t\t\t\t\t\t\t\t\t\t\t\t<\/div>\n\t\t\t\t<\/div>\n\t\t<div class=\"elementor-element elementor-element-27647cf e-con-full e-flex e-con e-child\" data-id=\"27647cf\" data-element_type=\"container\">\n\t\t\t\t<div class=\"elementor-element elementor-element-b0fcd84 elementor-widget elementor-widget-text-editor\" data-id=\"b0fcd84\" data-element_type=\"widget\" data-widget_type=\"text-editor.default\">\n\t\t\t\t\t\t\t\t\t<h3>Mara Burger<\/h3>\t\t\t\t\t\t\t\t<\/div>\n\t\t\t\t<div class=\"elementor-element elementor-element-392dea7 elementor-widget elementor-widget-text-editor\" data-id=\"392dea7\" data-element_type=\"widget\" data-widget_type=\"text-editor.default\">\n\t\t\t\t\t\t\t\t\t<h4><span style=\"caret-color: #334155; color: #334155; font-family: -apple-system, BlinkMacSystemFont, 'Segoe UI', Roboto, Oxygen-Sans, Ubuntu, Cantarell, 'Helvetica Neue', sans-serif; text-align: center;\">ERCIS<\/span><\/h4>\t\t\t\t\t\t\t\t<\/div>\n\t\t\t\t<div class=\"elementor-element elementor-element-3fb611b elementor-widget elementor-widget-text-editor\" data-id=\"3fb611b\" data-element_type=\"widget\" data-widget_type=\"text-editor.default\">\n\t\t\t\t\t\t\t\t\t<p>Mara Burger is a research associate at ERCIS and a research assistant and doctoral candidate at the Chair of Information Systems and Business Process Management at the University of M\u00fcnster. In addition to her teaching activities, in particular in the project seminars Future Mobility Lab at the University of M\u00fcnster and Modeling of Enterprises, she has worked for other funded projects such as the AI-bility project and Agentive.<\/p>\t\t\t\t\t\t\t\t<\/div>\n\t\t\t\t<\/div>\n\t\t\t\t<\/div>\n\t\t\t\t<\/div>\n\t\t\t\t\t<\/div>\n\t\t\t\t<\/div>\n\t\t<div class=\"elementor-element elementor-element-3703f11 e-flex e-con-boxed e-con e-parent\" data-id=\"3703f11\" data-element_type=\"container\">\n\t\t\t\t\t<div class=\"e-con-inner\">\n\t\t\t\t<div class=\"elementor-element elementor-element-15c35c4 elementor-widget-divider--view-line elementor-widget elementor-widget-divider\" data-id=\"15c35c4\" data-element_type=\"widget\" data-widget_type=\"divider.default\">\n\t\t\t\t\t\t\t<div class=\"elementor-divider\">\n\t\t\t<span class=\"elementor-divider-separator\">\n\t\t\t\t\t\t<\/span>\n\t\t<\/div>\n\t\t\t\t\t\t<\/div>\n\t\t<div class=\"elementor-element elementor-element-80a5c75 e-con-full e-flex e-con e-child\" data-id=\"80a5c75\" data-element_type=\"container\">\n\t\t\t\t<div class=\"elementor-element elementor-element-873bb28 elementor-widget elementor-widget-heading\" data-id=\"873bb28\" data-element_type=\"widget\" data-widget_type=\"heading.default\">\n\t\t\t\t\t<h2 class=\"elementor-heading-title elementor-size-default\">Future Mobility Labs Vorstand<\/h2>\t\t\t\t<\/div>\n\t\t<div class=\"elementor-element elementor-element-a1bc29b e-con-full e-flex e-con e-child\" data-id=\"a1bc29b\" data-element_type=\"container\">\n\t\t<div class=\"elementor-element elementor-element-1f89c10 e-con-full e-flex e-con e-child\" data-id=\"1f89c10\" data-element_type=\"container\">\n\t\t\t\t<div class=\"elementor-element elementor-element-e02c57d elementor-widget elementor-widget-image\" data-id=\"e02c57d\" data-element_type=\"widget\" data-widget_type=\"image.default\">\n\t\t\t\t\t\t\t\t\t\t\t\t\t\t\t<img decoding=\"async\" width=\"1000\" height=\"1000\" src=\"https:\/\/www.futuremobilitylabs.eu\/wp-content\/uploads\/2025\/07\/Henrik_Quadrat.png\" class=\"attachment-full size-full wp-image-6585\" alt=\"\" srcset=\"https:\/\/www.futuremobilitylabs.eu\/wp-content\/uploads\/2025\/07\/Henrik_Quadrat.png 1000w, https:\/\/www.futuremobilitylabs.eu\/wp-content\/uploads\/2025\/07\/Henrik_Quadrat-300x300.png 300w, https:\/\/www.futuremobilitylabs.eu\/wp-content\/uploads\/2025\/07\/Henrik_Quadrat-150x150.png 150w, https:\/\/www.futuremobilitylabs.eu\/wp-content\/uploads\/2025\/07\/Henrik_Quadrat-768x768.png 768w, https:\/\/www.futuremobilitylabs.eu\/wp-content\/uploads\/2025\/07\/Henrik_Quadrat-12x12.png 12w\" sizes=\"(max-width: 1000px) 100vw, 1000px\" \/>\t\t\t\t\t\t\t\t\t\t\t\t\t\t\t<\/div>\n\t\t\t\t<\/div>\n\t\t<div class=\"elementor-element elementor-element-3d5c8d2 e-con-full e-flex e-con e-child\" data-id=\"3d5c8d2\" data-element_type=\"container\">\n\t\t\t\t<div class=\"elementor-element elementor-element-785a7aa elementor-widget elementor-widget-text-editor\" data-id=\"785a7aa\" data-element_type=\"widget\" data-widget_type=\"text-editor.default\">\n\t\t\t\t\t\t\t\t\t<h3>Henrik Behrens<\/h3>\t\t\t\t\t\t\t\t<\/div>\n\t\t\t\t<div class=\"elementor-element elementor-element-c9cfc32 elementor-widget elementor-widget-text-editor\" data-id=\"c9cfc32\" data-element_type=\"widget\" data-widget_type=\"text-editor.default\">\n\t\t\t\t\t\t\t\t\t<h4><span style=\"caret-color: #334155; color: #334155; font-family: -apple-system, BlinkMacSystemFont, 'Segoe UI', Roboto, Oxygen-Sans, Ubuntu, Cantarell, 'Helvetica Neue', sans-serif; text-align: center;\">Transdev<\/span><\/h4>\t\t\t\t\t\t\t\t<\/div>\n\t\t\t\t<div class=\"elementor-element elementor-element-fd93e48 elementor-widget elementor-widget-text-editor\" data-id=\"fd93e48\" data-element_type=\"widget\" data-widget_type=\"text-editor.default\">\n\t\t\t\t\t\t\t\t\t<p>Henrik Behrens is Managing Director of Transdev Verkehr GmbH and Regional Manager Southwest at Transdev. After studying industrial engineering, he developed the bus and rail activities of the Rethmann Group from 1998. Since 2019, the owner-managed Rethmann Group has been a shareholder in Transdev, the world's leading mobility company.<\/p>\t\t\t\t\t\t\t\t<\/div>\n\t\t\t\t<\/div>\n\t\t\t\t<\/div>\n\t\t<div class=\"elementor-element elementor-element-3d02547 e-con-full e-flex e-con e-child\" data-id=\"3d02547\" data-element_type=\"container\">\n\t\t<div class=\"elementor-element elementor-element-9942040 e-con-full e-flex e-con e-child\" data-id=\"9942040\" data-element_type=\"container\">\n\t\t\t\t<div class=\"elementor-element elementor-element-017fc06 elementor-widget elementor-widget-image\" data-id=\"017fc06\" data-element_type=\"widget\" data-widget_type=\"image.default\">\n\t\t\t\t\t\t\t\t\t\t\t\t\t\t\t<img decoding=\"async\" width=\"1000\" height=\"1000\" src=\"https:\/\/www.futuremobilitylabs.eu\/wp-content\/uploads\/2025\/07\/Jan_Quadrat.png\" class=\"attachment-full size-full wp-image-6587\" alt=\"\" srcset=\"https:\/\/www.futuremobilitylabs.eu\/wp-content\/uploads\/2025\/07\/Jan_Quadrat.png 1000w, https:\/\/www.futuremobilitylabs.eu\/wp-content\/uploads\/2025\/07\/Jan_Quadrat-300x300.png 300w, https:\/\/www.futuremobilitylabs.eu\/wp-content\/uploads\/2025\/07\/Jan_Quadrat-150x150.png 150w, https:\/\/www.futuremobilitylabs.eu\/wp-content\/uploads\/2025\/07\/Jan_Quadrat-768x768.png 768w, https:\/\/www.futuremobilitylabs.eu\/wp-content\/uploads\/2025\/07\/Jan_Quadrat-12x12.png 12w\" sizes=\"(max-width: 1000px) 100vw, 1000px\" \/>\t\t\t\t\t\t\t\t\t\t\t\t\t\t\t<\/div>\n\t\t\t\t<\/div>\n\t\t<div class=\"elementor-element elementor-element-f8ebb8c e-con-full e-flex e-con e-child\" data-id=\"f8ebb8c\" data-element_type=\"container\">\n\t\t\t\t<div class=\"elementor-element elementor-element-b7ca46d elementor-widget elementor-widget-text-editor\" data-id=\"b7ca46d\" data-element_type=\"widget\" data-widget_type=\"text-editor.default\">\n\t\t\t\t\t\t\t\t\t<h3>Prof. Dr. Jan vom Brocke<\/h3>\t\t\t\t\t\t\t\t<\/div>\n\t\t\t\t<div class=\"elementor-element elementor-element-4e325e0 elementor-widget elementor-widget-text-editor\" data-id=\"4e325e0\" data-element_type=\"widget\" data-widget_type=\"text-editor.default\">\n\t\t\t\t\t\t\t\t\t<h4><span style=\"caret-color: #334155; color: #334155; font-family: -apple-system, BlinkMacSystemFont, 'Segoe UI', Roboto, Oxygen-Sans, Ubuntu, Cantarell, 'Helvetica Neue', sans-serif; text-align: center;\">ERCIS<\/span><\/h4>\t\t\t\t\t\t\t\t<\/div>\n\t\t\t\t<div class=\"elementor-element elementor-element-0d19edb elementor-widget elementor-widget-text-editor\" data-id=\"0d19edb\" data-element_type=\"widget\" data-widget_type=\"text-editor.default\">\n\t\t\t\t\t\t\t\t\t<p>Jan vom Brocke ist Direktor des European Research Center for Information Systems (ERCIS) und Professor und Lehrstuhlinhaber f\u00fcr Wirtschaftsinformatik und Gesch\u00e4ftsprozessmanagement an der Universit\u00e4t M\u00fcnster in Deutschland. Er hat unter anderem in Management Science, MIS Quarterly, Information Systems Research, Journal of Management Information Systems, Journal of Information Technology, Journal of the Association for Information Systems, European Journal of Information Systems, Information Systems Journal, Journal of Strategic Information Systems und MIT Sloan Management Review ver\u00f6ffentlicht. Er ist Autor und Herausgeber zahlreicher bahnbrechender B\u00fccher, darunter das International Handbook on Business Process Management, BPM \u2013 Driving Innovation in a Digital World, Green Business Process Management und die Business Process Management Cases Band eins und zwei.Prof. vom Brocke ist Gastprofessor an der Universit\u00e4t Liechtenstein und wurde zum Fellow der Association for Information Systems (AIS), zum Fellow des ESCP Center for Design Science in Entrepreneurship, zum Schoeller Senior Fellow der Friedrich-Alexander-Universit\u00e4t (FAU) in Deutschland und zum Distinguished Professor der National University of Ireland, Maynooth University (MU) ernannt.<\/p>\t\t\t\t\t\t\t\t<\/div>\n\t\t\t\t<\/div>\n\t\t\t\t<\/div>\n\t\t\t\t<\/div>\n\t\t\t\t\t<\/div>\n\t\t\t\t<\/div>\n\t\t<div class=\"elementor-element elementor-element-62d181f e-flex e-con-boxed e-con e-parent\" data-id=\"62d181f\" data-element_type=\"container\">\n\t\t\t\t\t<div class=\"e-con-inner\">\n\t\t\t\t<div class=\"elementor-element elementor-element-9127583 elementor-widget elementor-widget-heading\" data-id=\"9127583\" data-element_type=\"widget\" data-widget_type=\"heading.default\">\n\t\t\t\t\t<h2 class=\"elementor-heading-title elementor-size-default\">Organizations<\/h2>\t\t\t\t<\/div>\n\t\t\t\t\t<\/div>\n\t\t\t\t<\/div>\n\t\t<div class=\"elementor-element elementor-element-35e03b4 e-flex e-con-boxed e-con e-parent\" data-id=\"35e03b4\" data-element_type=\"container\">\n\t\t\t\t\t<div class=\"e-con-inner\">\n\t\t<div class=\"elementor-element elementor-element-4758634 e-con-full e-flex e-con e-child\" data-id=\"4758634\" data-element_type=\"container\">\n\t\t\t\t<div class=\"elementor-element elementor-element-f80a1f8 elementor-widget elementor-widget-image\" data-id=\"f80a1f8\" data-element_type=\"widget\" data-widget_type=\"image.default\">\n\t\t\t\t\t\t\t\t\t\t\t\t\t\t\t<img loading=\"lazy\" decoding=\"async\" width=\"1024\" height=\"383\" src=\"https:\/\/www.futuremobilitylabs.eu\/wp-content\/uploads\/2025\/01\/transdev-1024x383.jpg\" class=\"attachment-large size-large wp-image-869\" alt=\"\" srcset=\"https:\/\/www.futuremobilitylabs.eu\/wp-content\/uploads\/2025\/01\/transdev-1024x383.jpg 1024w, https:\/\/www.futuremobilitylabs.eu\/wp-content\/uploads\/2025\/01\/transdev-300x112.jpg 300w, https:\/\/www.futuremobilitylabs.eu\/wp-content\/uploads\/2025\/01\/transdev-768x287.jpg 768w, https:\/\/www.futuremobilitylabs.eu\/wp-content\/uploads\/2025\/01\/transdev-1536x574.jpg 1536w, https:\/\/www.futuremobilitylabs.eu\/wp-content\/uploads\/2025\/01\/transdev.jpg 2019w\" sizes=\"(max-width: 1024px) 100vw, 1024px\" \/>\t\t\t\t\t\t\t\t\t\t\t\t\t\t\t<\/div>\n\t\t\t\t<\/div>\n\t\t<div class=\"elementor-element elementor-element-089358b e-con-full e-flex e-con e-child\" data-id=\"089358b\" data-element_type=\"container\">\n\t\t\t\t<div class=\"elementor-element elementor-element-f9faa14 elementor-widget elementor-widget-text-editor\" data-id=\"f9faa14\" data-element_type=\"widget\" data-widget_type=\"text-editor.default\">\n\t\t\t\t\t\t\t\t\t<p style=\"box-sizing: inherit; font-size: 16px; font-style: normal; margin-block: 24px 0px; max-width: var(--wp--style--global--content-size); caret-color: #334155; color: #334155; font-family: -apple-system, BlinkMacSystemFont, 'Segoe UI', Roboto, Oxygen-Sans, Ubuntu, Cantarell, 'Helvetica Neue', sans-serif; margin-left: auto !important; margin-right: auto !important;\">Transdev is one of the world's largest mobility companies specializing in public transport services such as buses, trains, light rail and ferries. Based in France but operating worldwide, the company works with local authorities and transport operators throughout Europe, North America, Asia-Pacific and South America. Transdev employs over 80,000 people worldwide and operates transportation networks in hundreds of cities and communities.<\/p><div>\u00a0<\/div>\t\t\t\t\t\t\t\t<\/div>\n\t\t\t\t<\/div>\n\t\t\t\t\t<\/div>\n\t\t\t\t<\/div>\n\t\t<div class=\"elementor-element elementor-element-a6e0115 e-flex e-con-boxed e-con e-parent\" data-id=\"a6e0115\" data-element_type=\"container\">\n\t\t\t\t\t<div class=\"e-con-inner\">\n\t\t<div class=\"elementor-element elementor-element-95bdd8d e-con-full e-flex e-con e-child\" data-id=\"95bdd8d\" data-element_type=\"container\">\n\t\t\t\t<div class=\"elementor-element elementor-element-bb026b4 elementor-widget elementor-widget-image\" data-id=\"bb026b4\" data-element_type=\"widget\" data-widget_type=\"image.default\">\n\t\t\t\t\t\t\t\t\t\t\t\t\t\t\t<img loading=\"lazy\" decoding=\"async\" width=\"340\" height=\"300\" src=\"https:\/\/www.futuremobilitylabs.eu\/wp-content\/uploads\/2025\/07\/Design-ohne-Titel.png\" class=\"attachment-large size-large wp-image-6532\" alt=\"\" srcset=\"https:\/\/www.futuremobilitylabs.eu\/wp-content\/uploads\/2025\/07\/Design-ohne-Titel.png 340w, https:\/\/www.futuremobilitylabs.eu\/wp-content\/uploads\/2025\/07\/Design-ohne-Titel-300x265.png 300w, https:\/\/www.futuremobilitylabs.eu\/wp-content\/uploads\/2025\/07\/Design-ohne-Titel-14x12.png 14w\" sizes=\"(max-width: 340px) 100vw, 340px\" \/>\t\t\t\t\t\t\t\t\t\t\t\t\t\t\t<\/div>\n\t\t\t\t<\/div>\n\t\t<div class=\"elementor-element elementor-element-4f4b0b6 e-con-full e-flex e-con e-child\" data-id=\"4f4b0b6\" data-element_type=\"container\">\n\t\t\t\t<div class=\"elementor-element elementor-element-4004aab elementor-widget elementor-widget-text-editor\" data-id=\"4004aab\" data-element_type=\"widget\" data-widget_type=\"text-editor.default\">\n\t\t\t\t\t\t\t\t\t<p style=\"box-sizing: inherit; font-size: 16px; font-style: normal; margin-block: 24px 0px; max-width: var(--wp--style--global--content-size); caret-color: #334155; color: #334155; font-family: -apple-system, BlinkMacSystemFont, 'Segoe UI', Roboto, Oxygen-Sans, Ubuntu, Cantarell, 'Helvetica Neue', sans-serif; margin-left: auto !important; margin-right: auto !important;\">The European Research Centre for Information Systems (ERCIS) is an international research network headquartered at the University of M\u00fcnster in Germany that brings together researchers, universities and organizations to collaborate on research in the field of information systems, with a focus on digital transformation, information systems and IT innovation. ERCIS works through a network of partner institutions across Europe and beyond, facilitating academic exchange, joint research projects and knowledge sharing.<br><\/p>\t\t\t\t\t\t\t\t<\/div>\n\t\t\t\t<\/div>\n\t\t\t\t\t<\/div>\n\t\t\t\t<\/div>\n\t\t<div class=\"elementor-element elementor-element-b60a18b e-flex e-con-boxed e-con e-parent\" data-id=\"b60a18b\" data-element_type=\"container\">\n\t\t\t\t\t<div class=\"e-con-inner\">\n\t\t\t\t\t<\/div>\n\t\t\t\t<\/div>\n\t\t\t\t<\/div>","protected":false},"excerpt":{"rendered":"<p>\u00dcber uns Die Future Mobility Labs sind eine Kooperation zwischen dem ERCIS und Transdev. Transdev, Teil der Rethmann-Gruppe, ist das zweitgr\u00f6\u00dfte Bahn- und Busunternehmen in Deutschland. Weltweit ist Transdev das gr\u00f6\u00dfte private Mobilit\u00e4tsunternehmen, aktiv in 19 L\u00e4ndern und \u00fcber 102.000 Mitarbeitern. Future Mobility Labs Direktorin Mara Burger ERCIS Mara Burger ist wissenschaftliche Mitarbeiterin am ERCIS [&hellip;]<\/p>","protected":false},"author":2,"featured_media":0,"parent":0,"menu_order":0,"comment_status":"closed","ping_status":"closed","template":"","meta":{"site-sidebar-layout":"no-sidebar","site-content-layout":"","ast-site-content-layout":"full-width-container","site-content-style":"default","site-sidebar-style":"default","ast-global-header-display":"","ast-banner-title-visibility":"","ast-main-header-display":"","ast-hfb-above-header-display":"","ast-hfb-below-header-display":"","ast-hfb-mobile-header-display":"","site-post-title":"disabled","ast-breadcrumbs-content":"","ast-featured-img":"disabled","footer-sml-layout":"","ast-disable-related-posts":"","theme-transparent-header-meta":"","adv-header-id-meta":"","stick-header-meta":"","header-above-stick-meta":"","header-main-stick-meta":"","header-below-stick-meta":"","astra-migrate-meta-layouts":"default","ast-page-background-enabled":"default","ast-page-background-meta":{"desktop":{"background-color":"var(--ast-global-color-5)","background-image":"","background-repeat":"repeat","background-position":"center center","background-size":"auto","background-attachment":"scroll","background-type":"","background-media":"","overlay-type":"","overlay-color":"","overlay-opacity":"","overlay-gradient":""},"tablet":{"background-color":"","background-image":"","background-repeat":"repeat","background-position":"center center","background-size":"auto","background-attachment":"scroll","background-type":"","background-media":"","overlay-type":"","overlay-color":"","overlay-opacity":"","overlay-gradient":""},"mobile":{"background-color":"","background-image":"","background-repeat":"repeat","background-position":"center center","background-size":"auto","background-attachment":"scroll","background-type":"","background-media":"","overlay-type":"","overlay-color":"","overlay-opacity":"","overlay-gradient":""}},"ast-content-background-meta":{"desktop":{"background-color":"var(--ast-global-color-4)","background-image":"","background-repeat":"repeat","background-position":"center center","background-size":"auto","background-attachment":"scroll","background-type":"","background-media":"","overlay-type":"","overlay-color":"","overlay-opacity":"","overlay-gradient":""},"tablet":{"background-color":"var(--ast-global-color-4)","background-image":"","background-repeat":"repeat","background-position":"center center","background-size":"auto","background-attachment":"scroll","background-type":"","background-media":"","overlay-type":"","overlay-color":"","overlay-opacity":"","overlay-gradient":""},"mobile":{"background-color":"var(--ast-global-color-4)","background-image":"","background-repeat":"repeat","background-position":"center center","background-size":"auto","background-attachment":"scroll","background-type":"","background-media":"","overlay-type":"","overlay-color":"","overlay-opacity":"","overlay-gradient":""}},"footnotes":""},"class_list":["post-2852","page","type-page","status-publish","hentry"],"_links":{"self":[{"href":"https:\/\/www.futuremobilitylabs.eu\/en\/wp-json\/wp\/v2\/pages\/2852","targetHints":{"allow":["GET"]}}],"collection":[{"href":"https:\/\/www.futuremobilitylabs.eu\/en\/wp-json\/wp\/v2\/pages"}],"about":[{"href":"https:\/\/www.futuremobilitylabs.eu\/en\/wp-json\/wp\/v2\/types\/page"}],"author":[{"embeddable":true,"href":"https:\/\/www.futuremobilitylabs.eu\/en\/wp-json\/wp\/v2\/users\/2"}],"replies":[{"embeddable":true,"href":"https:\/\/www.futuremobilitylabs.eu\/en\/wp-json\/wp\/v2\/comments?post=2852"}],"version-history":[{"count":29,"href":"https:\/\/www.futuremobilitylabs.eu\/en\/wp-json\/wp\/v2\/pages\/2852\/revisions"}],"predecessor-version":[{"id":6812,"href":"https:\/\/www.futuremobilitylabs.eu\/en\/wp-json\/wp\/v2\/pages\/2852\/revisions\/6812"}],"wp:attachment":[{"href":"https:\/\/www.futuremobilitylabs.eu\/en\/wp-json\/wp\/v2\/media?parent=2852"}],"curies":[{"name":"wp","href":"https:\/\/api.w.org\/{rel}","templated":true}]}}