{"id":3090,"date":"2025-04-24T10:23:15","date_gmt":"2025-04-24T09:23:15","guid":{"rendered":"https:\/\/flow-factory.ai\/?page_id=3090"},"modified":"2025-07-09T11:49:56","modified_gmt":"2025-07-09T09:49:56","slug":"kontakt-2","status":"publish","type":"page","link":"https:\/\/www.futuremobilitylabs.eu\/en\/kontakt-2\/","title":{"rendered":"Contact"},"content":{"rendered":"<div data-elementor-type=\"wp-page\" data-elementor-id=\"3090\" class=\"elementor elementor-3090\">\n\t\t\t\t<div class=\"elementor-element elementor-element-0a284d0 e-flex e-con-boxed e-con e-parent\" data-id=\"0a284d0\" data-element_type=\"container\">\n\t\t\t\t\t<div class=\"e-con-inner\">\n\t\t\t\t<div class=\"elementor-element elementor-element-e79e0f3 elementor-widget elementor-widget-heading\" data-id=\"e79e0f3\" data-element_type=\"widget\" data-widget_type=\"heading.default\">\n\t\t\t\t\t<h1 class=\"elementor-heading-title elementor-size-default\">Contact<\/h1>\t\t\t\t<\/div>\n\t\t\t\t<div class=\"elementor-element elementor-element-0ba6f3c elementor-widget elementor-widget-text-editor\" data-id=\"0ba6f3c\" data-element_type=\"widget\" data-widget_type=\"text-editor.default\">\n\t\t\t\t\t\t\t\t\t<p>Are you a student, researcher or practitioner and want to find out more about the Future Mobility Labs? Then write us an e-mail or send us a message using the form.<\/p><p><strong>Email:<\/strong> <a href=\"mailto:mara.burger@ercis.uni-muenster.de\">mara.burger@ercis.uni-muenster.de<\/a><\/p>\t\t\t\t\t\t\t\t<\/div>\n\t\t\t\t<div class=\"elementor-element elementor-element-d11838b elementor-widget elementor-widget-heading\" data-id=\"d11838b\" data-element_type=\"widget\" data-widget_type=\"heading.default\">\n\t\t\t\t\t<h3 class=\"elementor-heading-title elementor-size-default\">Contact Form<\/h3>\t\t\t\t<\/div>\n\t\t\t\t<div class=\"elementor-element elementor-element-d2050ac elementor-widget elementor-widget-shortcode\" data-id=\"d2050ac\" data-element_type=\"widget\" data-widget_type=\"shortcode.default\">\n\t\t\t\t\t\t\t<div class=\"elementor-shortcode\">\n<div class=\"wpcf7 no-js\" id=\"wpcf7-f39-o1\" lang=\"en-US\" dir=\"ltr\" data-wpcf7-id=\"39\">\n<div class=\"screen-reader-response\"><p role=\"status\" aria-live=\"polite\" aria-atomic=\"true\"><\/p> <ul><\/ul><\/div>\n<form action=\"\/en\/wp-json\/wp\/v2\/pages\/3090#wpcf7-f39-o1\" method=\"post\" class=\"wpcf7-form init\" aria-label=\"Contact form\" novalidate=\"novalidate\" data-status=\"init\" data-trp-original-action=\"\/en\/wp-json\/wp\/v2\/pages\/3090#wpcf7-f39-o1\">\n<fieldset class=\"hidden-fields-container\"><input type=\"hidden\" name=\"_wpcf7\" value=\"39\" \/><input type=\"hidden\" name=\"_wpcf7_version\" value=\"6.1.5\" \/><input type=\"hidden\" name=\"_wpcf7_locale\" value=\"en_US\" \/><input type=\"hidden\" name=\"_wpcf7_unit_tag\" value=\"wpcf7-f39-o1\" \/><input type=\"hidden\" name=\"_wpcf7_container_post\" value=\"0\" \/><input type=\"hidden\" name=\"_wpcf7_posted_data_hash\" value=\"\" \/><input type=\"hidden\" name=\"_wpcf7_recaptcha_response\" value=\"\" \/>\n<\/fieldset>\n<div class=\"form-row\">\n\t<div class=\"form-column\">\n\t\t<p><label>First name<\/label><br \/>\n<span class=\"wpcf7-form-control-wrap\" data-name=\"vorname\"><input size=\"40\" maxlength=\"400\" class=\"wpcf7-form-control wpcf7-text wpcf7-validates-as-required form-input\" aria-required=\"true\" aria-invalid=\"false\" value=\"\" type=\"text\" name=\"vorname\" \/><\/span>\n\t\t<\/p>\n\t<\/div>\n\t<div class=\"form-column\">\n\t\t<p><label>Last name<\/label><br \/>\n<span class=\"wpcf7-form-control-wrap\" data-name=\"nachname\"><input size=\"40\" maxlength=\"400\" class=\"wpcf7-form-control wpcf7-text wpcf7-validates-as-required form-input\" aria-required=\"true\" aria-invalid=\"false\" value=\"\" type=\"text\" name=\"nachname\" \/><\/span>\n\t\t<\/p>\n\t<\/div>\n<\/div>\n<div class=\"form-field\">\n\t<p><label>Email<\/label><br \/>\n<span class=\"wpcf7-form-control-wrap\" data-name=\"email\"><input size=\"40\" maxlength=\"400\" class=\"wpcf7-form-control wpcf7-email wpcf7-validates-as-required wpcf7-text wpcf7-validates-as-email form-input\" aria-required=\"true\" aria-invalid=\"false\" value=\"\" type=\"email\" name=\"email\" \/><\/span>\n\t<\/p>\n<\/div>\n<div class=\"form-field\">\n\t<p><label>Subject<\/label><br \/>\n<span class=\"wpcf7-form-control-wrap\" data-name=\"betreff\"><input size=\"40\" maxlength=\"400\" class=\"wpcf7-form-control wpcf7-text wpcf7-validates-as-required form-input\" aria-required=\"true\" aria-invalid=\"false\" value=\"\" type=\"text\" name=\"betreff\" \/><\/span>\n\t<\/p>\n<\/div>\n<div class=\"form-field\">\n\t<p><label>Message<\/label><br \/>\n<span class=\"wpcf7-form-control-wrap\" data-name=\"nachricht\"><textarea cols=\"40\" rows=\"10\" maxlength=\"2000\" class=\"wpcf7-form-control wpcf7-textarea wpcf7-validates-as-required form-textarea\" aria-required=\"true\" aria-invalid=\"false\" name=\"nachricht\"><\/textarea><\/span>\n\t<\/p>\n<\/div>\n<div class=\"form-checkbox\">\n\t<p><span class=\"wpcf7-form-control-wrap\" data-name=\"privacy-policy\"><span class=\"wpcf7-form-control wpcf7-checkbox wpcf7-validates-as-required form-checkbox-input\"><span class=\"wpcf7-list-item first last\"><input type=\"checkbox\" name=\"privacy-policy[]\" value=\"Ich stimme der Verarbeitung meiner Daten gem\u00e4\u00df der Datenschutzerkl\u00e4rung zu\" \/><span class=\"wpcf7-list-item-label\">I agree to the processing of my data in accordance with the Privacy Policy.<\/span><\/span><\/span><\/span>\n\t<\/p>\n<\/div>\n<div class=\"form-submit\">\n\t<p><input class=\"wpcf7-form-control wpcf7-submit has-spinner submit-button\" type=\"submit\" value=\"Send message\" \/>\n\t<\/p>\n<\/div>\n\n\n<!-- CSS Code -->\n<style>\n.custom-form {\n max-width: 600px;\n margin: 0 auto;\n font-family: 'Inter', -apple-system, BlinkMacSystemFont, \"Segoe UI\", Roboto, sans-serif;\n}\n\n.custom-form h2 {\n font-size: 24px;\n margin-bottom: 30px;\n font-weight: 500;\n}\n\n.form-row {\n display: flex;\n gap: 32px; \/* Increased from 20px to 32px for more space between inputs *\/\n margin-bottom: 15px;\n}\n\n.form-column {\n flex: 0 1 48%;\n}\n\n.form-field {\n margin-bottom: 15px;\n}\n\nlabel {\n display: block;\n margin-bottom: 4px;\n font-size: 16px;\n font-weight: 500;\n font-family: 'Inter', sans-serif;\n}\n\n.form-input,\n.form-textarea {\n width: 100%;\n padding: 8px 12px;\n border: 1px solid #ddd;\n border-radius: 4px;\n font-size: 14px;\n font-family: 'Inter', sans-serif;\n}\n\n.form-textarea {\n height: 150px;\n resize: vertical;\n}\n\n.form-checkbox {\n margin: 15px 0;\n}\n\n.form-checkbox .wpcf7-list-item {\n margin: 0;\n}\n\n.form-checkbox input[type=\"checkbox\"] {\n margin-right: 8px;\n}\n\n.form-checkbox .wpcf7-list-item-label {\n font-size: 14px;\n font-family: 'Inter', sans-serif;\n}\n\n.submit-button {\n background-color: #2B4570;\n color: white;\n padding: 12px 24px;\n border: none;\n border-radius: 4px;\n font-size: 16px;\n cursor: pointer;\n width: 100%;\n font-family: 'Inter', sans-serif;\n}\n\n.submit-button:hover {\n background-color: #1a2b44;\n}\n\n\/* Responsive Design *\/\n@media (max-width: 600px) {\n .form-row {\n flex-direction: column;\n gap: 0;\n }\n \n .form-column {\n margin-bottom: 15px;\n flex: 1;\n }\n}\n\n\/* Contact Form 7 Fehlermeldungen *\/\n.wpcf7-not-valid-tip {\n color: #dc3232;\n font-size: 12px;\n margin-top: 4px;\n font-family: 'Inter', sans-serif;\n}\n\n.wpcf7 form.invalid .wpcf7-response-output {\n border-color: #dc3232;\n padding: 12px;\n margin: 15px 0;\n font-size: 14px;\n font-family: 'Inter', sans-serif;\n}\n<\/style><div class=\"wpcf7-response-output\" aria-hidden=\"true\"><\/div>\n<input type=\"hidden\" name=\"trp-form-language\" value=\"en\"\/><\/form>\n<\/div>\n<\/div>\n\t\t\t\t\t\t<\/div>\n\t\t\t\t<div class=\"elementor-element elementor-element-760d073 elementor-widget elementor-widget-heading\" data-id=\"760d073\" data-element_type=\"widget\" data-widget_type=\"heading.default\">\n\t\t\t\t\t<h3 class=\"elementor-heading-title elementor-size-default\">How to find us<\/h3>\t\t\t\t<\/div>\n\t\t\t\t<div class=\"elementor-element elementor-element-ab30b57 elementor-widget elementor-widget-text-editor\" data-id=\"ab30b57\" data-element_type=\"widget\" data-widget_type=\"text-editor.default\">\n\t\t\t\t\t\t\t\t\t<p><strong>Address: <\/strong>University of M\u00fcnster, Institute for Information Systems<br \/>Leonardo-Campus 3<br \/>48149 M\u00fcnster<\/p>\t\t\t\t\t\t\t\t<\/div>\n\t\t\t\t<div class=\"elementor-element elementor-element-26bb3b9 elementor-widget elementor-widget-google_maps\" data-id=\"26bb3b9\" data-element_type=\"widget\" data-widget_type=\"google_maps.default\">\n\t\t\t\t\t\t\t<div class=\"elementor-custom-embed\">\n\t\t\t<iframe loading=\"lazy\"\n\t\t\t\t\tsrc=\"https:\/\/maps.google.com\/maps?q=Leonardo%20Campus%203&#038;t=m&#038;z=15&#038;output=embed&#038;iwloc=near\"\n\t\t\t\t\ttitle=\"Leonardo-Campus 3\"\n\t\t\t\t\taria-label=\"Leonardo-Campus 3\"\n\t\t\t><\/iframe>\n\t\t<\/div>\n\t\t\t\t\t\t<\/div>\n\t\t\t\t<div class=\"elementor-element elementor-element-6941399 elementor-widget elementor-widget-text-editor\" data-id=\"6941399\" data-element_type=\"widget\" data-widget_type=\"text-editor.default\">\n\t\t\t\t\t\t\t\t\t<p><strong>By car:<\/strong><br \/>Take the A1\/E3 motorway (Hansalinie) with the M\u00fcnster-S\u00fcd and M\u00fcnster-Nord junctions and the A43 motorway (Wuppertal-M\u00fcnster). Leave the A1 freeway at the NORD exit and follow the signs to M\u00fcnster Zentrum. You will reach the outskirts of the city via Steinfurter Stra\u00dfe and turn right immediately after the town entrance sign and the ice rink (Burger King fast food restaurant), after a few meters turn left and you will reach the campus grounds. The building with the glass foyer is the main building of the Department of Architecture. Next to the yellow canteen building opposite is the lecture hall building.<\/p><p><strong>By train and bus:<\/strong><br \/>CityBus 16<br \/>from M\u00fcnster main station B2<br \/>to M\u00fcnster Leonardo Campus<br \/>14 minutes<\/p><p>CityBus 13<br \/>from M\u00fcnster main station B1<br \/>to M\u00fcnster ice rink<br \/>24 minutes<\/p><p>RegioBus R72<br \/>from M\u00fcnster main station B2<br \/>to M\u00fcnster Leonardo Campus<br \/>13 minutes<\/p><p>RegioBus R73<br \/>from M\u00fcnster main station B2<br \/>to M\u00fcnster Leonardo Campus<br \/>13 minutes<\/p>\t\t\t\t\t\t\t\t<\/div>\n\t\t\t\t\t<\/div>\n\t\t\t\t<\/div>\n\t\t\t\t<\/div>","protected":false},"excerpt":{"rendered":"<p>Kontakt Ihr seid Student*in, Forscher*in oder Praktiker*in und wollt die Future Mobility Labs n\u00e4her kennenlernen? Dann schreibt uns eine E-Mail oder eine Nachricht \u00fcber das Formular. E-Mail: mara.burger@ercis.uni-muenster.de Kontaktformular Anfahrt Adresse: Universit\u00e4t M\u00fcnster, Institut f\u00fcr WirtschaftsinformatikLeonardo-Campus 348149 M\u00fcnster Mit dem PKW:BAB A1\/E3 (Hansalinie) mit den Anschl\u00fcssen M\u00fcnster-S\u00fcd, M\u00fcnster-Nord und der BAB A43 (Wuppertal-M\u00fcnster). Verlassen Sie [&hellip;]<\/p>","protected":false},"author":2,"featured_media":0,"parent":0,"menu_order":0,"comment_status":"closed","ping_status":"closed","template":"","meta":{"site-sidebar-layout":"no-sidebar","site-content-layout":"","ast-site-content-layout":"full-width-container","site-content-style":"default","site-sidebar-style":"default","ast-global-header-display":"","ast-banner-title-visibility":"","ast-main-header-display":"","ast-hfb-above-header-display":"","ast-hfb-below-header-display":"","ast-hfb-mobile-header-display":"","site-post-title":"disabled","ast-breadcrumbs-content":"","ast-featured-img":"disabled","footer-sml-layout":"","ast-disable-related-posts":"","theme-transparent-header-meta":"","adv-header-id-meta":"","stick-header-meta":"","header-above-stick-meta":"","header-main-stick-meta":"","header-below-stick-meta":"","astra-migrate-meta-layouts":"default","ast-page-background-enabled":"default","ast-page-background-meta":{"desktop":{"background-color":"var(--ast-global-color-5)","background-image":"","background-repeat":"repeat","background-position":"center center","background-size":"auto","background-attachment":"scroll","background-type":"","background-media":"","overlay-type":"","overlay-color":"","overlay-opacity":"","overlay-gradient":""},"tablet":{"background-color":"","background-image":"","background-repeat":"repeat","background-position":"center center","background-size":"auto","background-attachment":"scroll","background-type":"","background-media":"","overlay-type":"","overlay-color":"","overlay-opacity":"","overlay-gradient":""},"mobile":{"background-color":"","background-image":"","background-repeat":"repeat","background-position":"center center","background-size":"auto","background-attachment":"scroll","background-type":"","background-media":"","overlay-type":"","overlay-color":"","overlay-opacity":"","overlay-gradient":""}},"ast-content-background-meta":{"desktop":{"background-color":"var(--ast-global-color-4)","background-image":"","background-repeat":"repeat","background-position":"center center","background-size":"auto","background-attachment":"scroll","background-type":"","background-media":"","overlay-type":"","overlay-color":"","overlay-opacity":"","overlay-gradient":""},"tablet":{"background-color":"var(--ast-global-color-4)","background-image":"","background-repeat":"repeat","background-position":"center center","background-size":"auto","background-attachment":"scroll","background-type":"","background-media":"","overlay-type":"","overlay-color":"","overlay-opacity":"","overlay-gradient":""},"mobile":{"background-color":"var(--ast-global-color-4)","background-image":"","background-repeat":"repeat","background-position":"center center","background-size":"auto","background-attachment":"scroll","background-type":"","background-media":"","overlay-type":"","overlay-color":"","overlay-opacity":"","overlay-gradient":""}},"footnotes":""},"class_list":["post-3090","page","type-page","status-publish","hentry"],"_links":{"self":[{"href":"https:\/\/www.futuremobilitylabs.eu\/en\/wp-json\/wp\/v2\/pages\/3090","targetHints":{"allow":["GET"]}}],"collection":[{"href":"https:\/\/www.futuremobilitylabs.eu\/en\/wp-json\/wp\/v2\/pages"}],"about":[{"href":"https:\/\/www.futuremobilitylabs.eu\/en\/wp-json\/wp\/v2\/types\/page"}],"author":[{"embeddable":true,"href":"https:\/\/www.futuremobilitylabs.eu\/en\/wp-json\/wp\/v2\/users\/2"}],"replies":[{"embeddable":true,"href":"https:\/\/www.futuremobilitylabs.eu\/en\/wp-json\/wp\/v2\/comments?post=3090"}],"version-history":[{"count":3,"href":"https:\/\/www.futuremobilitylabs.eu\/en\/wp-json\/wp\/v2\/pages\/3090\/revisions"}],"predecessor-version":[{"id":6254,"href":"https:\/\/www.futuremobilitylabs.eu\/en\/wp-json\/wp\/v2\/pages\/3090\/revisions\/6254"}],"wp:attachment":[{"href":"https:\/\/www.futuremobilitylabs.eu\/en\/wp-json\/wp\/v2\/media?parent=3090"}],"curies":[{"name":"wp","href":"https:\/\/api.w.org\/{rel}","templated":true}]}}