{"id":6814,"date":"2025-12-11T17:22:44","date_gmt":"2025-12-11T16:22:44","guid":{"rendered":"https:\/\/www.futuremobilitylabs.eu\/?page_id=6814"},"modified":"2025-12-11T17:31:46","modified_gmt":"2025-12-11T16:31:46","slug":"simulation-und-optimierung-komplexer-schienennetzwerke-mit-einem-digitalen-zwilling","status":"publish","type":"page","link":"https:\/\/www.futuremobilitylabs.eu\/en\/projekte\/simulation-und-optimierung-komplexer-schienennetzwerke-mit-einem-digitalen-zwilling\/","title":{"rendered":"Simulation und Optimierung komplexer Schienennetzwerke mit einem Digitalen Zwilling"},"content":{"rendered":"<div data-elementor-type=\"wp-page\" data-elementor-id=\"6814\" class=\"elementor elementor-6814\">\n\t\t\t\t<div class=\"elementor-element elementor-element-a913c16 e-flex e-con-boxed e-con e-parent\" data-id=\"a913c16\" data-element_type=\"container\">\n\t\t\t\t\t<div class=\"e-con-inner\">\n\t\t\t\t<div class=\"elementor-element elementor-element-5b569fb elementor-widget elementor-widget-heading\" data-id=\"5b569fb\" data-element_type=\"widget\" data-widget_type=\"heading.default\">\n\t\t\t\t\t<h1 class=\"elementor-heading-title elementor-size-default\">Simulation und Optimierung komplexer Schienennetzwerke mit einem Digitalen Zwilling<\/h1>\t\t\t\t<\/div>\n\t\t<div class=\"elementor-element elementor-element-e368f7d e-con-full e-flex e-con e-child\" data-id=\"e368f7d\" data-element_type=\"container\">\n\t\t<div class=\"elementor-element elementor-element-aa5ea75 e-con-full e-flex e-con e-child\" data-id=\"aa5ea75\" data-element_type=\"container\">\n\t\t<div class=\"elementor-element elementor-element-00297a1 e-con-full e-flex e-con e-child\" data-id=\"00297a1\" data-element_type=\"container\">\n\t\t\t\t<div class=\"elementor-element elementor-element-ac6be9d elementor-view-default elementor-widget elementor-widget-icon\" data-id=\"ac6be9d\" data-element_type=\"widget\" data-widget_type=\"icon.default\">\n\t\t\t\t\t\t\t<div class=\"elementor-icon-wrapper\">\n\t\t\t<div class=\"elementor-icon\">\n\t\t\t<svg aria-hidden=\"true\" class=\"e-font-icon-svg e-far-calendar\" viewbox=\"0 0 448 512\" xmlns=\"http:\/\/www.w3.org\/2000\/svg\"><path d=\"M400 64h-48V12c0-6.6-5.4-12-12-12h-40c-6.6 0-12 5.4-12 12v52H160V12c0-6.6-5.4-12-12-12h-40c-6.6 0-12 5.4-12 12v52H48C21.5 64 0 85.5 0 112v352c0 26.5 21.5 48 48 48h352c26.5 0 48-21.5 48-48V112c0-26.5-21.5-48-48-48zm-6 400H54c-3.3 0-6-2.7-6-6V160h352v298c0 3.3-2.7 6-6 6z\"><\/path><\/svg>\t\t\t<\/div>\n\t\t<\/div>\n\t\t\t\t\t\t<\/div>\n\t\t\t\t<\/div>\n\t\t<div class=\"elementor-element elementor-element-95e4a67 e-con-full e-flex e-con e-child\" data-id=\"95e4a67\" data-element_type=\"container\">\n\t\t\t\t<div class=\"elementor-element elementor-element-5fd3725 elementor-widget elementor-widget-text-editor\" data-id=\"5fd3725\" data-element_type=\"widget\" data-widget_type=\"text-editor.default\">\n\t\t\t\t\t\t\t\t\t<p>September 2025 \u2013 M\u00e4rz 2026<\/p>\t\t\t\t\t\t\t\t<\/div>\n\t\t\t\t<\/div>\n\t\t\t\t<\/div>\n\t\t<div class=\"elementor-element elementor-element-0d159a6 e-con-full e-flex e-con e-child\" data-id=\"0d159a6\" data-element_type=\"container\">\n\t\t<div class=\"elementor-element elementor-element-58cbe7d e-con-full e-flex e-con e-child\" data-id=\"58cbe7d\" data-element_type=\"container\">\n\t\t\t\t<div class=\"elementor-element elementor-element-1e5599e elementor-view-default elementor-widget elementor-widget-icon\" data-id=\"1e5599e\" data-element_type=\"widget\" data-widget_type=\"icon.default\">\n\t\t\t\t\t\t\t<div class=\"elementor-icon-wrapper\">\n\t\t\t<div class=\"elementor-icon\">\n\t\t\t<svg aria-hidden=\"true\" class=\"e-font-icon-svg e-fas-map-marker-alt\" viewbox=\"0 0 384 512\" xmlns=\"http:\/\/www.w3.org\/2000\/svg\"><path d=\"M172.268 501.67C26.97 291.031 0 269.413 0 192 0 85.961 85.961 0 192 0s192 85.961 192 192c0 77.413-26.97 99.031-172.268 309.67-9.535 13.774-29.93 13.773-39.464 0zM192 272c44.183 0 80-35.817 80-80s-35.817-80-80-80-80 35.817-80 80 35.817 80 80 80z\"><\/path><\/svg>\t\t\t<\/div>\n\t\t<\/div>\n\t\t\t\t\t\t<\/div>\n\t\t\t\t<\/div>\n\t\t<div class=\"elementor-element elementor-element-9be3aa6 e-con-full e-flex e-con e-child\" data-id=\"9be3aa6\" data-element_type=\"container\">\n\t\t\t\t<div class=\"elementor-element elementor-element-43a226b elementor-widget elementor-widget-text-editor\" data-id=\"43a226b\" data-element_type=\"widget\" data-widget_type=\"text-editor.default\">\n\t\t\t\t\t\t\t\t\t<p>M\u00fcnster<\/p>\t\t\t\t\t\t\t\t<\/div>\n\t\t\t\t<\/div>\n\t\t\t\t<\/div>\n\t\t<div class=\"elementor-element elementor-element-5ec0595 e-con-full e-flex e-con e-child\" data-id=\"5ec0595\" data-element_type=\"container\">\n\t\t<div class=\"elementor-element elementor-element-7483c55 e-con-full e-flex e-con e-child\" data-id=\"7483c55\" data-element_type=\"container\">\n\t\t\t\t<div class=\"elementor-element elementor-element-42f77fe elementor-view-default elementor-widget elementor-widget-icon\" data-id=\"42f77fe\" data-element_type=\"widget\" data-widget_type=\"icon.default\">\n\t\t\t\t\t\t\t<div class=\"elementor-icon-wrapper\">\n\t\t\t<div class=\"elementor-icon\">\n\t\t\t<svg aria-hidden=\"true\" class=\"e-font-icon-svg e-fas-users\" viewbox=\"0 0 640 512\" xmlns=\"http:\/\/www.w3.org\/2000\/svg\"><path d=\"M96 224c35.3 0 64-28.7 64-64s-28.7-64-64-64-64 28.7-64 64 28.7 64 64 64zm448 0c35.3 0 64-28.7 64-64s-28.7-64-64-64-64 28.7-64 64 28.7 64 64 64zm32 32h-64c-17.6 0-33.5 7.1-45.1 18.6 40.3 22.1 68.9 62 75.1 109.4h66c17.7 0 32-14.3 32-32v-32c0-35.3-28.7-64-64-64zm-256 0c61.9 0 112-50.1 112-112S381.9 32 320 32 208 82.1 208 144s50.1 112 112 112zm76.8 32h-8.3c-20.8 10-43.9 16-68.5 16s-47.6-6-68.5-16h-8.3C179.6 288 128 339.6 128 403.2V432c0 26.5 21.5 48 48 48h288c26.5 0 48-21.5 48-48v-28.8c0-63.6-51.6-115.2-115.2-115.2zm-223.7-13.4C161.5 263.1 145.6 256 128 256H64c-35.3 0-64 28.7-64 64v32c0 17.7 14.3 32 32 32h65.9c6.3-47.4 34.9-87.3 75.2-109.4z\"><\/path><\/svg>\t\t\t<\/div>\n\t\t<\/div>\n\t\t\t\t\t\t<\/div>\n\t\t\t\t<\/div>\n\t\t<div class=\"elementor-element elementor-element-9e87400 e-con-full e-flex e-con e-child\" data-id=\"9e87400\" data-element_type=\"container\">\n\t\t\t\t<div class=\"elementor-element elementor-element-6588562 elementor-widget elementor-widget-text-editor\" data-id=\"6588562\" data-element_type=\"widget\" data-widget_type=\"text-editor.default\">\n\t\t\t\t\t\t\t\t\t<p>University of M\u00fcnster, Transdev<\/p>\t\t\t\t\t\t\t\t<\/div>\n\t\t\t\t<\/div>\n\t\t\t\t<\/div>\n\t\t\t\t<\/div>\n\t\t<div class=\"elementor-element elementor-element-03db59a e-con-full e-flex e-con e-child\" data-id=\"03db59a\" data-element_type=\"container\">\n\t\t\t\t<div class=\"elementor-element elementor-element-1893abf elementor-widget elementor-widget-image\" data-id=\"1893abf\" data-element_type=\"widget\" data-widget_type=\"image.default\">\n\t\t\t\t\t\t\t\t\t\t\t\t\t\t\t<img fetchpriority=\"high\" decoding=\"async\" width=\"1024\" height=\"625\" src=\"https:\/\/www.futuremobilitylabs.eu\/wp-content\/uploads\/2025\/12\/IMG_5463-1024x625.jpeg\" class=\"attachment-large size-large wp-image-6821\" alt=\"\" srcset=\"https:\/\/www.futuremobilitylabs.eu\/wp-content\/uploads\/2025\/12\/IMG_5463-1024x625.jpeg 1024w, https:\/\/www.futuremobilitylabs.eu\/wp-content\/uploads\/2025\/12\/IMG_5463-300x183.jpeg 300w, https:\/\/www.futuremobilitylabs.eu\/wp-content\/uploads\/2025\/12\/IMG_5463-768x469.jpeg 768w, https:\/\/www.futuremobilitylabs.eu\/wp-content\/uploads\/2025\/12\/IMG_5463-1536x938.jpeg 1536w, https:\/\/www.futuremobilitylabs.eu\/wp-content\/uploads\/2025\/12\/IMG_5463-2048x1250.jpeg 2048w, https:\/\/www.futuremobilitylabs.eu\/wp-content\/uploads\/2025\/12\/IMG_5463-18x12.jpeg 18w\" sizes=\"(max-width: 1024px) 100vw, 1024px\" \/>\t\t\t\t\t\t\t\t\t\t\t\t\t\t\t<\/div>\n\t\t\t\t<div class=\"elementor-element elementor-element-209bd12 elementor-widget elementor-widget-heading\" data-id=\"209bd12\" data-element_type=\"widget\" data-widget_type=\"heading.default\">\n\t\t\t\t\t<h2 class=\"elementor-heading-title elementor-size-default\">Project description<\/h2>\t\t\t\t<\/div>\n\t\t\t\t<div class=\"elementor-element elementor-element-0a5c744 elementor-widget elementor-widget-text-editor\" data-id=\"0a5c744\" data-element_type=\"widget\" data-widget_type=\"text-editor.default\">\n\t\t\t\t\t\t\t\t\t<p>Dieses zukunftsweisende Projekt setzt den Fokus auf die Entwicklung und Konzeption eines ganzheitlichen Digitalen Zwillings zur Simulation und Optimierung komplexer Schienennetzwerke. Im Gegensatz zu isolierten lokalen \u00dcberwachungssystemen mit begrenzter Datenbasis nutzt dieser Ansatz eine dynamische Echtzeitsimulation, um das Netzverhalten nicht nur abzubilden, sondern zuk\u00fcnftige Zust\u00e4nde pr\u00e4zise vorherzusagen. Basierend auf vielen heterogenen Datenquellen wird versucht, die Realit\u00e4t ganzheitlich abzubilden. Mithilfe von Fahrpl\u00e4nen in Verbindung mit historischen Erfahrungen wird untersucht, wie weit sich in die Zukunft blicken l\u00e4sst. Besonderer Fokus liegt auf der Evaluierung von Infrastrukturkapazit\u00e4ten, der Simulation von \u201eWas-w\u00e4re-wenn\u201c-Szenarien sowie der intelligenten Entscheidungsfindung zur Aufl\u00f6sung operativer Konflikte.<\/p><p>Der Digitale Zwilling unterst\u00fctzt Entscheidungstr\u00e4ger bei der strategischen und operativen Planung in Szenarien wie:<\/p><ul><li>Vorausschauende Erkennung von Zugfolgekonflikten und Knoten\u00fcberlastungen vor deren Entstehung<\/li><li>Simulation von Fahrplan\u00e4nderungen und deren Auswirkungen auf die gesamte Netzstabilit\u00e4t<\/li><li>Analyse von Kettenreaktionen bei punktuellen (k\u00fcnstlichen) St\u00f6rungen im hochfrequenten Verkehr<\/li><li>Einfach zu Verstehende \u00dcbersicht zur Entscheidungsfindungen im Schienennetz<\/li><\/ul><p>Im Rahmen des Projekts arbeiten die Beteiligten mit realen Betriebsdaten, um eine interaktive Simulationsumgebung zu entwickeln, die Prognosen visuell aufbereitet und Handlungsempfehlungen transparent erkl\u00e4rt. Dieser Ansatz verbindet datengetriebene Forschung mit den konkreten Herausforderungen des modernen Schienenverkehrs und f\u00f6rdert die Entwicklung von Assistenzsystemen f\u00fcr die Mobilit\u00e4t von morgen.<\/p>\t\t\t\t\t\t\t\t<\/div>\n\t\t\t\t<div class=\"elementor-element elementor-element-80b6194 elementor-widget elementor-widget-heading\" data-id=\"80b6194\" data-element_type=\"widget\" data-widget_type=\"heading.default\">\n\t\t\t\t\t<h2 class=\"elementor-heading-title elementor-size-default\">Project goals<\/h2>\t\t\t\t<\/div>\n\t\t\t\t<div class=\"elementor-element elementor-element-506c9a7 elementor-widget elementor-widget-text-editor\" data-id=\"506c9a7\" data-element_type=\"widget\" data-widget_type=\"text-editor.default\">\n\t\t\t\t\t\t\t\t\t<ul class=\"wp-block-list\"><li>Entwicklung eines digitalen Zwillings zur Spiegelung der physischen Schieneninfrastruktur, Topologie und aktueller Betriebszust\u00e4nde<\/li><li>Integration und Synchronisation heterogener Datenquellen von verschiedenen Teilen des Netzwerkes wie Echtzeitdaten, Fahrpl\u00e4ne, Versp\u00e4tungen zur Schaffung einer \u201eSingle Source of Truth\u201c<\/li><li>Implementierung von Prognosemodellen zur pr\u00e4zisen Vorhersage von Netzengp\u00e4ssen, Knotenauslastungen und kritischen Zugfolgekonflikten<\/li><li>Aufbau einer Simulationsumgebung zur Evaluierung von \u201eWas-w\u00e4re-wenn\u201c-Szenarien f\u00fcr die Validierung von Fahrplan\u00e4nderungen und Baustellenplanungen<\/li><li>Konzeption eines intelligenten Entscheidungsunterst\u00fctzungssystems mit automatisierten L\u00f6sungsvorschl\u00e4gen zur Konfliktaufl\u00f6sung im St\u00f6rungsfall<\/li><li>Entwicklung von Algorithmen zur vorausschauenden Wartung (Predictive Maintenance) basierend auf historischen Fahrplandaten<\/li><li>Evaluierung der operativen Resilienz durch den Vergleich simulierter Eingriffe mit historischen St\u00f6rausf\u00e4llen zur Optimierung der Reaktionszeiten<\/li><li>Schaffung einer intuitiven Visualisierungsschicht zur Darstellung komplexer Netze f\u00fcr Disponenten und Netzplaner<\/li><\/ul>\t\t\t\t\t\t\t\t<\/div>\n\t\t\t\t<div class=\"elementor-element elementor-element-a91f9ed elementor-widget elementor-widget-heading\" data-id=\"a91f9ed\" data-element_type=\"widget\" data-widget_type=\"heading.default\">\n\t\t\t\t\t<h2 class=\"elementor-heading-title elementor-size-default\">Project team<\/h2>\t\t\t\t<\/div>\n\t\t\t\t<div class=\"elementor-element elementor-element-176c579 elementor-widget elementor-widget-heading\" data-id=\"176c579\" data-element_type=\"widget\" data-widget_type=\"heading.default\">\n\t\t\t\t\t<h3 class=\"elementor-heading-title elementor-size-default\">Students<\/h3>\t\t\t\t<\/div>\n\t\t\t\t<div class=\"elementor-element elementor-element-00c15e1 elementor-widget elementor-widget-text-editor\" data-id=\"00c15e1\" data-element_type=\"widget\" data-widget_type=\"text-editor.default\">\n\t\t\t\t\t\t\t\t\t<ul class=\"wp-block-list\"><li>Ailiyaer Maimaiti<\/li><li>Isroil Khudoyberdiev<\/li><li>Jiahui Tang<\/li><li>Manali das Gupta<\/li><li>Max L\u00fctkemeyer<\/li><li>Nikita Gorobets<\/li><li>Niklas Ruppel<\/li><li>Stephanie Sabine K\u00f6lker<\/li><li>Uroljon Khidirboev<\/li><li>Valentin Lieberknecht<\/li><\/ul>\t\t\t\t\t\t\t\t<\/div>\n\t\t\t\t<div class=\"elementor-element elementor-element-1f7faca elementor-widget elementor-widget-heading\" data-id=\"1f7faca\" data-element_type=\"widget\" data-widget_type=\"heading.default\">\n\t\t\t\t\t<h3 class=\"elementor-heading-title elementor-size-default\">Supervisor<\/h3>\t\t\t\t<\/div>\n\t\t\t\t<div class=\"elementor-element elementor-element-17eaf8d elementor-widget elementor-widget-text-editor\" data-id=\"17eaf8d\" data-element_type=\"widget\" data-widget_type=\"text-editor.default\">\n\t\t\t\t\t\t\t\t\t<ul class=\"wp-block-list\">\n<li>Mara Burger<\/li>\n<li>Jan vom Brocke<\/li>\n<\/ul>\t\t\t\t\t\t\t\t<\/div>\n\t\t\t\t<\/div>\n\t\t\t\t\t<\/div>\n\t\t\t\t<\/div>\n\t\t\t\t<\/div>","protected":false},"excerpt":{"rendered":"<p>Simulation und Optimierung komplexer Schienennetzwerke mit einem Digitalen Zwilling September 2025 \u2013 M\u00e4rz 2026 M\u00fcnster Universit\u00e4t M\u00fcnster, Transdev Projektbeschreibung Dieses zukunftsweisende Projekt setzt den Fokus auf die Entwicklung und Konzeption eines ganzheitlichen Digitalen Zwillings zur Simulation und Optimierung komplexer Schienennetzwerke. Im Gegensatz zu isolierten lokalen \u00dcberwachungssystemen mit begrenzter Datenbasis nutzt dieser Ansatz eine dynamische Echtzeitsimulation, [&hellip;]<\/p>","protected":false},"author":2,"featured_media":0,"parent":14,"menu_order":0,"comment_status":"closed","ping_status":"closed","template":"","meta":{"site-sidebar-layout":"no-sidebar","site-content-layout":"","ast-site-content-layout":"full-width-container","site-content-style":"default","site-sidebar-style":"default","ast-global-header-display":"","ast-banner-title-visibility":"","ast-main-header-display":"","ast-hfb-above-header-display":"","ast-hfb-below-header-display":"","ast-hfb-mobile-header-display":"","site-post-title":"disabled","ast-breadcrumbs-content":"","ast-featured-img":"disabled","footer-sml-layout":"","ast-disable-related-posts":"","theme-transparent-header-meta":"","adv-header-id-meta":"","stick-header-meta":"","header-above-stick-meta":"","header-main-stick-meta":"","header-below-stick-meta":"","astra-migrate-meta-layouts":"default","ast-page-background-enabled":"default","ast-page-background-meta":{"desktop":{"background-color":"var(--ast-global-color-5)","background-image":"","background-repeat":"repeat","background-position":"center center","background-size":"auto","background-attachment":"scroll","background-type":"","background-media":"","overlay-type":"","overlay-color":"","overlay-opacity":"","overlay-gradient":""},"tablet":{"background-color":"","background-image":"","background-repeat":"repeat","background-position":"center center","background-size":"auto","background-attachment":"scroll","background-type":"","background-media":"","overlay-type":"","overlay-color":"","overlay-opacity":"","overlay-gradient":""},"mobile":{"background-color":"","background-image":"","background-repeat":"repeat","background-position":"center center","background-size":"auto","background-attachment":"scroll","background-type":"","background-media":"","overlay-type":"","overlay-color":"","overlay-opacity":"","overlay-gradient":""}},"ast-content-background-meta":{"desktop":{"background-color":"var(--ast-global-color-4)","background-image":"","background-repeat":"repeat","background-position":"center center","background-size":"auto","background-attachment":"scroll","background-type":"","background-media":"","overlay-type":"","overlay-color":"","overlay-opacity":"","overlay-gradient":""},"tablet":{"background-color":"var(--ast-global-color-4)","background-image":"","background-repeat":"repeat","background-position":"center center","background-size":"auto","background-attachment":"scroll","background-type":"","background-media":"","overlay-type":"","overlay-color":"","overlay-opacity":"","overlay-gradient":""},"mobile":{"background-color":"var(--ast-global-color-4)","background-image":"","background-repeat":"repeat","background-position":"center center","background-size":"auto","background-attachment":"scroll","background-type":"","background-media":"","overlay-type":"","overlay-color":"","overlay-opacity":"","overlay-gradient":""}},"footnotes":""},"class_list":["post-6814","page","type-page","status-publish","hentry"],"_links":{"self":[{"href":"https:\/\/www.futuremobilitylabs.eu\/en\/wp-json\/wp\/v2\/pages\/6814","targetHints":{"allow":["GET"]}}],"collection":[{"href":"https:\/\/www.futuremobilitylabs.eu\/en\/wp-json\/wp\/v2\/pages"}],"about":[{"href":"https:\/\/www.futuremobilitylabs.eu\/en\/wp-json\/wp\/v2\/types\/page"}],"author":[{"embeddable":true,"href":"https:\/\/www.futuremobilitylabs.eu\/en\/wp-json\/wp\/v2\/users\/2"}],"replies":[{"embeddable":true,"href":"https:\/\/www.futuremobilitylabs.eu\/en\/wp-json\/wp\/v2\/comments?post=6814"}],"version-history":[{"count":12,"href":"https:\/\/www.futuremobilitylabs.eu\/en\/wp-json\/wp\/v2\/pages\/6814\/revisions"}],"predecessor-version":[{"id":6852,"href":"https:\/\/www.futuremobilitylabs.eu\/en\/wp-json\/wp\/v2\/pages\/6814\/revisions\/6852"}],"up":[{"embeddable":true,"href":"https:\/\/www.futuremobilitylabs.eu\/en\/wp-json\/wp\/v2\/pages\/14"}],"wp:attachment":[{"href":"https:\/\/www.futuremobilitylabs.eu\/en\/wp-json\/wp\/v2\/media?parent=6814"}],"curies":[{"name":"wp","href":"https:\/\/api.w.org\/{rel}","templated":true}]}}